{"id":107,"date":"2016-01-21T11:57:52","date_gmt":"2016-01-21T11:57:52","guid":{"rendered":"https:\/\/www.ipsantarem.pt\/?page_id=107"},"modified":"2022-04-11T10:09:00","modified_gmt":"2022-04-11T10:09:00","slug":"contacts","status":"publish","type":"page","link":"https:\/\/www.ipsantarem.pt\/en\/contacts\/","title":{"rendered":"Contacts"},"content":{"rendered":"\t\t<div data-elementor-type=\"wp-page\" data-elementor-id=\"107\" class=\"elementor elementor-107\" data-elementor-post-type=\"page\">\n\t\t\t\t\t\t<section class=\"elementor-section elementor-top-section elementor-element elementor-element-106d5e3 elementor-section-boxed elementor-section-height-default elementor-section-height-default\" data-id=\"106d5e3\" data-element_type=\"section\">\n\t\t\t\t\t\t<div class=\"elementor-container elementor-column-gap-default\">\n\t\t\t\t\t<div class=\"elementor-column elementor-col-33 elementor-top-column elementor-element elementor-element-e2caa92\" data-id=\"e2caa92\" data-element_type=\"column\">\n\t\t\t<div class=\"elementor-widget-wrap elementor-element-populated\">\n\t\t\t\t\t\t<div class=\"elementor-element elementor-element-d1642c7 elementor-widget elementor-widget-heading\" data-id=\"d1642c7\" data-element_type=\"widget\" data-widget_type=\"heading.default\">\n\t\t\t\t<div class=\"elementor-widget-container\">\n\t\t\t\t\t<h4 class=\"elementor-heading-title elementor-size-default\">Polytechnic of Santar\u00e9m- Central Services<\/h4>\t\t\t\t<\/div>\n\t\t\t\t<\/div>\n\t\t\t\t<div class=\"elementor-element elementor-element-c968747 elementor-widget elementor-widget-text-editor\" data-id=\"c968747\" data-element_type=\"widget\" data-widget_type=\"text-editor.default\">\n\t\t\t\t<div class=\"elementor-widget-container\">\n\t\t\t\t\t\t\t\t\t<p>Complexo Andaluz,<br \/>Apartado 279<br \/>2001-904 Santar\u00e9m<\/p><p>geral@ipsantarem.pt<br \/>Telefone: +351 243 309 520<\/p>\t\t\t\t\t\t\t\t<\/div>\n\t\t\t\t<\/div>\n\t\t\t\t\t<\/div>\n\t\t<\/div>\n\t\t\t\t<div class=\"elementor-column elementor-col-33 elementor-top-column elementor-element elementor-element-cde3b47\" data-id=\"cde3b47\" data-element_type=\"column\">\n\t\t\t<div class=\"elementor-widget-wrap elementor-element-populated\">\n\t\t\t\t\t\t<div class=\"elementor-element elementor-element-8592fab elementor-widget elementor-widget-heading\" data-id=\"8592fab\" data-element_type=\"widget\" data-widget_type=\"heading.default\">\n\t\t\t\t<div class=\"elementor-widget-container\">\n\t\t\t\t\t<h4 class=\"elementor-heading-title elementor-size-default\">Escola Superior Agr\u00e1ria<\/h4>\t\t\t\t<\/div>\n\t\t\t\t<\/div>\n\t\t\t\t<div class=\"elementor-element elementor-element-5e1003d elementor-widget elementor-widget-text-editor\" data-id=\"5e1003d\" data-element_type=\"widget\" data-widget_type=\"text-editor.default\">\n\t\t\t\t<div class=\"elementor-widget-container\">\n\t\t\t\t\t\t\t\t\t<p>Quinta do Galinheiro<br \/>S. Pedro<br \/>2001-904\u00a0Santar\u00e9m<\/p><p>info@esa.ipsantarem.pt<\/p><p>+351 243 307 300<br \/>+351 243 307 301<\/p>\t\t\t\t\t\t\t\t<\/div>\n\t\t\t\t<\/div>\n\t\t\t\t\t<\/div>\n\t\t<\/div>\n\t\t\t\t<div class=\"elementor-column elementor-col-33 elementor-top-column elementor-element elementor-element-3feaac2\" data-id=\"3feaac2\" data-element_type=\"column\">\n\t\t\t<div class=\"elementor-widget-wrap elementor-element-populated\">\n\t\t\t\t\t\t<div class=\"elementor-element elementor-element-dccb1d2 elementor-widget elementor-widget-heading\" data-id=\"dccb1d2\" data-element_type=\"widget\" data-widget_type=\"heading.default\">\n\t\t\t\t<div class=\"elementor-widget-container\">\n\t\t\t\t\t<h4 class=\"elementor-heading-title elementor-size-default\">Escola Superior de Desporto de Rio Maior<\/h4>\t\t\t\t<\/div>\n\t\t\t\t<\/div>\n\t\t\t\t<div class=\"elementor-element elementor-element-6405c90 elementor-widget elementor-widget-text-editor\" data-id=\"6405c90\" data-element_type=\"widget\" data-widget_type=\"text-editor.default\">\n\t\t\t\t<div class=\"elementor-widget-container\">\n\t\t\t\t\t\t\t\t\t<p>Av. Dr. M\u00e1rio Soares n\u00ba 110<br \/>2040-413 Rio Maior<\/p><p>geral@esdrm.ipsantarem.pt<br \/>Telefone: +351 243\u00a0999 280<\/p>\t\t\t\t\t\t\t\t<\/div>\n\t\t\t\t<\/div>\n\t\t\t\t\t<\/div>\n\t\t<\/div>\n\t\t\t\t\t<\/div>\n\t\t<\/section>\n\t\t\t\t<section class=\"elementor-section elementor-top-section elementor-element elementor-element-5e8022c elementor-section-boxed elementor-section-height-default elementor-section-height-default\" data-id=\"5e8022c\" data-element_type=\"section\">\n\t\t\t\t\t\t<div class=\"elementor-container elementor-column-gap-default\">\n\t\t\t\t\t<div class=\"elementor-column elementor-col-33 elementor-top-column elementor-element elementor-element-9873e09\" data-id=\"9873e09\" data-element_type=\"column\">\n\t\t\t<div class=\"elementor-widget-wrap elementor-element-populated\">\n\t\t\t\t\t\t<div class=\"elementor-element elementor-element-8e9c993 elementor-widget elementor-widget-heading\" data-id=\"8e9c993\" data-element_type=\"widget\" data-widget_type=\"heading.default\">\n\t\t\t\t<div class=\"elementor-widget-container\">\n\t\t\t\t\t<h4 class=\"elementor-heading-title elementor-size-default\">Escola Superior de Educa\u00e7\u00e3o<\/h4>\t\t\t\t<\/div>\n\t\t\t\t<\/div>\n\t\t\t\t<div class=\"elementor-element elementor-element-b6b9654 elementor-widget elementor-widget-text-editor\" data-id=\"b6b9654\" data-element_type=\"widget\" data-widget_type=\"text-editor.default\">\n\t\t\t\t<div class=\"elementor-widget-container\">\n\t\t\t\t\t\t\t\t\t<p>Complexo Andaluz,<br \/>Apartado 131<br \/>2001-902 Santar\u00e9m<\/p><p>geral@ese.ipsantarem.pt<br \/>Tlf:\u00a0+351243309180<br \/>Fax: +351243309187<\/p>\t\t\t\t\t\t\t\t<\/div>\n\t\t\t\t<\/div>\n\t\t\t\t\t<\/div>\n\t\t<\/div>\n\t\t\t\t<div class=\"elementor-column elementor-col-33 elementor-top-column elementor-element elementor-element-166d382\" data-id=\"166d382\" data-element_type=\"column\">\n\t\t\t<div class=\"elementor-widget-wrap elementor-element-populated\">\n\t\t\t\t\t\t<div class=\"elementor-element elementor-element-b0a2714 elementor-widget elementor-widget-heading\" data-id=\"b0a2714\" data-element_type=\"widget\" data-widget_type=\"heading.default\">\n\t\t\t\t<div class=\"elementor-widget-container\">\n\t\t\t\t\t<h4 class=\"elementor-heading-title elementor-size-default\">Escola Superior de Gest\u00e3o e Tecnologia<\/h4>\t\t\t\t<\/div>\n\t\t\t\t<\/div>\n\t\t\t\t<div class=\"elementor-element elementor-element-ab68aa1 elementor-widget elementor-widget-text-editor\" data-id=\"ab68aa1\" data-element_type=\"widget\" data-widget_type=\"text-editor.default\">\n\t\t\t\t<div class=\"elementor-widget-container\">\n\t\t\t\t\t\t\t\t\t<p>Complexo Andaluz,<br \/>Apartado 295<br \/>2001-904 Santar\u00e9m<\/p><p>correio@esg.ipsantarem.pt<br \/>Telefone: +351 243 303 200<\/p>\t\t\t\t\t\t\t\t<\/div>\n\t\t\t\t<\/div>\n\t\t\t\t\t<\/div>\n\t\t<\/div>\n\t\t\t\t<div class=\"elementor-column elementor-col-33 elementor-top-column elementor-element elementor-element-91e5175\" data-id=\"91e5175\" data-element_type=\"column\">\n\t\t\t<div class=\"elementor-widget-wrap elementor-element-populated\">\n\t\t\t\t\t\t<div class=\"elementor-element elementor-element-67110a1 elementor-widget elementor-widget-heading\" data-id=\"67110a1\" data-element_type=\"widget\" data-widget_type=\"heading.default\">\n\t\t\t\t<div class=\"elementor-widget-container\">\n\t\t\t\t\t<h4 class=\"elementor-heading-title elementor-size-default\">Escola Superior de Sa\u00fade<\/h4>\t\t\t\t<\/div>\n\t\t\t\t<\/div>\n\t\t\t\t<div class=\"elementor-element elementor-element-5e9d6f5 elementor-widget elementor-widget-text-editor\" data-id=\"5e9d6f5\" data-element_type=\"widget\" data-widget_type=\"text-editor.default\">\n\t\t\t\t<div class=\"elementor-widget-container\">\n\t\t\t\t\t\t\t\t\t<p>Quinta do Mergulh\u00e3o<br \/>Sr\u00aa da Guia<br \/>2005-075 Santar\u00e9m<\/p><p>geral@essaude.ipsantarem.pt<br \/>Telefone: +351 243 307 200<br \/>Fax: +351 243 307 210<\/p>\t\t\t\t\t\t\t\t<\/div>\n\t\t\t\t<\/div>\n\t\t\t\t\t<\/div>\n\t\t<\/div>\n\t\t\t\t\t<\/div>\n\t\t<\/section>\n\t\t\t\t<\/div>\n\t\t","protected":false},"excerpt":{"rendered":"<p>Polytechnic of Santar\u00e9m- Central Services Complexo Andaluz, Apartado 279 2001-904 Santar\u00e9m geral@ipsantarem.pt Telefone: +351 243 309 520 Escola Superior Agr\u00e1ria Quinta do Galinheiro S. Pedro 2001-904\u00a0Santar\u00e9m info@esa.ipsantarem.pt +351 243 307 300 +351 243 307 301 Escola Superior de Desporto de Rio Maior Av. Dr. M\u00e1rio Soares n\u00ba 110 2040-413 Rio Maior geral@esdrm.ipsantarem.pt Telefone: +351 243\u00a0999 [&hellip;]<\/p>\n","protected":false},"author":3,"featured_media":0,"parent":0,"menu_order":12,"comment_status":"closed","ping_status":"closed","template":"","meta":{"footnotes":""},"class_list":["post-107","page","type-page","status-publish","hentry"],"_links":{"self":[{"href":"https:\/\/www.ipsantarem.pt\/en\/wp-json\/wp\/v2\/pages\/107","targetHints":{"allow":["GET"]}}],"collection":[{"href":"https:\/\/www.ipsantarem.pt\/en\/wp-json\/wp\/v2\/pages"}],"about":[{"href":"https:\/\/www.ipsantarem.pt\/en\/wp-json\/wp\/v2\/types\/page"}],"author":[{"embeddable":true,"href":"https:\/\/www.ipsantarem.pt\/en\/wp-json\/wp\/v2\/users\/3"}],"replies":[{"embeddable":true,"href":"https:\/\/www.ipsantarem.pt\/en\/wp-json\/wp\/v2\/comments?post=107"}],"version-history":[{"count":60,"href":"https:\/\/www.ipsantarem.pt\/en\/wp-json\/wp\/v2\/pages\/107\/revisions"}],"predecessor-version":[{"id":20571,"href":"https:\/\/www.ipsantarem.pt\/en\/wp-json\/wp\/v2\/pages\/107\/revisions\/20571"}],"wp:attachment":[{"href":"https:\/\/www.ipsantarem.pt\/en\/wp-json\/wp\/v2\/media?parent=107"}],"curies":[{"name":"wp","href":"https:\/\/api.w.org\/{rel}","templated":true}]}}