{"id":9980,"date":"2021-08-17T12:56:55","date_gmt":"2021-08-17T12:56:55","guid":{"rendered":"https:\/\/www.ipsantarem.pt\/?page_id=9980"},"modified":"2023-05-09T08:40:37","modified_gmt":"2023-05-09T08:40:37","slug":"escola-superior-de-educacao","status":"publish","type":"page","link":"https:\/\/www.ipsantarem.pt\/en\/escola-superior-de-educacao\/","title":{"rendered":"Escola Superior de Educa\u00e7\u00e3o"},"content":{"rendered":"\t\t<div data-elementor-type=\"wp-page\" data-elementor-id=\"9980\" class=\"elementor elementor-9980\" data-elementor-post-type=\"page\">\n\t\t\t\t\t\t<section class=\"elementor-section elementor-top-section elementor-element elementor-element-cd54fa5 elementor-section-boxed elementor-section-height-default elementor-section-height-default\" data-id=\"cd54fa5\" data-element_type=\"section\">\n\t\t\t\t\t\t<div class=\"elementor-container elementor-column-gap-default\">\n\t\t\t\t\t<div class=\"elementor-column elementor-col-50 elementor-top-column elementor-element elementor-element-21db61a\" data-id=\"21db61a\" data-element_type=\"column\">\n\t\t\t<div class=\"elementor-widget-wrap elementor-element-populated\">\n\t\t\t\t\t\t<div class=\"elementor-element elementor-element-b968635 elementor-widget elementor-widget-image\" data-id=\"b968635\" data-element_type=\"widget\" data-widget_type=\"image.default\">\n\t\t\t\t<div class=\"elementor-widget-container\">\n\t\t\t\t\t\t\t\t\t\t\t\t\t\t\t<img fetchpriority=\"high\" decoding=\"async\" width=\"800\" height=\"357\" src=\"https:\/\/www.ipsantarem.pt\/en\/wp-content\/uploads\/2021\/08\/PolitSantarem-Escola-Educacao-1200x535.png\" class=\"attachment-large size-large wp-image-9999\" alt=\"\" srcset=\"https:\/\/www.ipsantarem.pt\/en\/wp-content\/uploads\/2021\/08\/PolitSantarem-Escola-Educacao-1200x535.png 1200w, https:\/\/www.ipsantarem.pt\/en\/wp-content\/uploads\/2021\/08\/PolitSantarem-Escola-Educacao-700x312.png 700w, https:\/\/www.ipsantarem.pt\/en\/wp-content\/uploads\/2021\/08\/PolitSantarem-Escola-Educacao-1536x685.png 1536w, https:\/\/www.ipsantarem.pt\/en\/wp-content\/uploads\/2021\/08\/PolitSantarem-Escola-Educacao-2048x913.png 2048w\" sizes=\"(max-width: 800px) 100vw, 800px\" \/>\t\t\t\t\t\t\t\t\t\t\t\t\t\t\t<\/div>\n\t\t\t\t<\/div>\n\t\t\t\t\t<\/div>\n\t\t<\/div>\n\t\t\t\t<div class=\"elementor-column elementor-col-50 elementor-top-column elementor-element elementor-element-9f89414\" data-id=\"9f89414\" data-element_type=\"column\">\n\t\t\t<div class=\"elementor-widget-wrap elementor-element-populated\">\n\t\t\t\t\t\t<div class=\"elementor-element elementor-element-9241e37 elementor-widget elementor-widget-text-editor\" data-id=\"9241e37\" data-element_type=\"widget\" data-widget_type=\"text-editor.default\">\n\t\t\t\t<div class=\"elementor-widget-container\">\n\t\t\t\t\t\t\t\t\t<p>The <strong>Escola Superior de Educa\u00e7\u00e3o de Santar\u00e9m<\/strong>\u00a0was created by the decree-law n.\u00ba 513-T\/79, of December 26th, as an organic unit of IPSantar\u00e9m. It is an institution of higher education, dedicated to teaching and research. It provides services to the community and collaborates with national and international entities in activities of common interest.<\/p><p>More information at: <a href=\"https:\/\/www.ipsantarem.pt\/escola-superior-de-educacao-de-santarem\/\">https:\/\/www.ipsantarem.pt\/escola-superior-de-educacao-de-santarem\/<\/a><\/p><p><strong>Contacts<\/strong><br \/>Complexo Andaluz<br \/>Apartado 131<br \/>2011-902 Santar\u00e9m<\/p><p><a href=\"mailto:geral@ese.ipsantarem.pt\">geral@ese.ipsantarem.pt<\/a><br \/>Phone: +351 243 309 180<\/p>\t\t\t\t\t\t\t\t<\/div>\n\t\t\t\t<\/div>\n\t\t\t\t\t<\/div>\n\t\t<\/div>\n\t\t\t\t\t<\/div>\n\t\t<\/section>\n\t\t\t\t<section class=\"elementor-section elementor-top-section elementor-element elementor-element-cbead7c elementor-section-boxed elementor-section-height-default elementor-section-height-default\" data-id=\"cbead7c\" data-element_type=\"section\">\n\t\t\t\t\t\t<div class=\"elementor-container elementor-column-gap-default\">\n\t\t\t\t\t<div class=\"elementor-column elementor-col-100 elementor-top-column elementor-element elementor-element-0447454\" data-id=\"0447454\" data-element_type=\"column\">\n\t\t\t<div class=\"elementor-widget-wrap\">\n\t\t\t\t\t\t\t<\/div>\n\t\t<\/div>\n\t\t\t\t\t<\/div>\n\t\t<\/section>\n\t\t\t\t<section class=\"elementor-section elementor-top-section elementor-element elementor-element-f422cde elementor-section-full_width elementor-section-height-default elementor-section-height-default\" data-id=\"f422cde\" data-element_type=\"section\">\n\t\t\t\t\t\t<div class=\"elementor-container elementor-column-gap-default\">\n\t\t\t\t\t<div class=\"elementor-column elementor-col-100 elementor-top-column elementor-element elementor-element-fcd06c1\" data-id=\"fcd06c1\" data-element_type=\"column\">\n\t\t\t<div class=\"elementor-widget-wrap elementor-element-populated\">\n\t\t\t\t\t\t<div class=\"elementor-element elementor-element-547294b elementor-widget elementor-widget-image\" data-id=\"547294b\" data-element_type=\"widget\" data-widget_type=\"image.default\">\n\t\t\t\t<div class=\"elementor-widget-container\">\n\t\t\t\t\t\t\t\t\t\t\t\t\t\t\t<img decoding=\"async\" width=\"1920\" height=\"800\" src=\"https:\/\/www.ipsantarem.pt\/en\/wp-content\/uploads\/2021\/10\/eses.jpg\" class=\"attachment-full size-full wp-image-12246\" alt=\"\" srcset=\"https:\/\/www.ipsantarem.pt\/en\/wp-content\/uploads\/2021\/10\/eses.jpg 1920w, https:\/\/www.ipsantarem.pt\/en\/wp-content\/uploads\/2021\/10\/eses-700x292.jpg 700w, https:\/\/www.ipsantarem.pt\/en\/wp-content\/uploads\/2021\/10\/eses-1200x500.jpg 1200w, https:\/\/www.ipsantarem.pt\/en\/wp-content\/uploads\/2021\/10\/eses-1536x640.jpg 1536w\" sizes=\"(max-width: 1920px) 100vw, 1920px\" \/>\t\t\t\t\t\t\t\t\t\t\t\t\t\t\t<\/div>\n\t\t\t\t<\/div>\n\t\t\t\t\t<\/div>\n\t\t<\/div>\n\t\t\t\t\t<\/div>\n\t\t<\/section>\n\t\t\t\t<\/div>\n\t\t","protected":false},"excerpt":{"rendered":"<p>The Escola Superior de Educa\u00e7\u00e3o de Santar\u00e9m\u00a0was created by the decree-law n.\u00ba 513-T\/79, of December 26th, as an organic unit of IPSantar\u00e9m. It is an institution of higher education, dedicated to teaching and research. It provides services to the community and collaborates with national and international entities in activities of common interest. More information at: [&hellip;]<\/p>\n","protected":false},"author":14,"featured_media":0,"parent":0,"menu_order":0,"comment_status":"closed","ping_status":"closed","template":"","meta":{"footnotes":""},"class_list":["post-9980","page","type-page","status-publish","hentry"],"_links":{"self":[{"href":"https:\/\/www.ipsantarem.pt\/en\/wp-json\/wp\/v2\/pages\/9980","targetHints":{"allow":["GET"]}}],"collection":[{"href":"https:\/\/www.ipsantarem.pt\/en\/wp-json\/wp\/v2\/pages"}],"about":[{"href":"https:\/\/www.ipsantarem.pt\/en\/wp-json\/wp\/v2\/types\/page"}],"author":[{"embeddable":true,"href":"https:\/\/www.ipsantarem.pt\/en\/wp-json\/wp\/v2\/users\/14"}],"replies":[{"embeddable":true,"href":"https:\/\/www.ipsantarem.pt\/en\/wp-json\/wp\/v2\/comments?post=9980"}],"version-history":[{"count":43,"href":"https:\/\/www.ipsantarem.pt\/en\/wp-json\/wp\/v2\/pages\/9980\/revisions"}],"predecessor-version":[{"id":20931,"href":"https:\/\/www.ipsantarem.pt\/en\/wp-json\/wp\/v2\/pages\/9980\/revisions\/20931"}],"wp:attachment":[{"href":"https:\/\/www.ipsantarem.pt\/en\/wp-json\/wp\/v2\/media?parent=9980"}],"curies":[{"name":"wp","href":"https:\/\/api.w.org\/{rel}","templated":true}]}}