{"id":9981,"date":"2021-08-17T12:56:56","date_gmt":"2021-08-17T12:56:56","guid":{"rendered":"https:\/\/www.ipsantarem.pt\/?page_id=9981"},"modified":"2023-05-09T08:41:05","modified_gmt":"2023-05-09T08:41:05","slug":"escola-superior-de-gestao-e-tecnologia","status":"publish","type":"page","link":"https:\/\/www.ipsantarem.pt\/en\/escola-superior-de-gestao-e-tecnologia\/","title":{"rendered":"Escola Superior de Gest\u00e3o e Tecnologia"},"content":{"rendered":"\t\t<div data-elementor-type=\"wp-page\" data-elementor-id=\"9981\" class=\"elementor elementor-9981\" data-elementor-post-type=\"page\">\n\t\t\t\t\t\t<section class=\"elementor-section elementor-top-section elementor-element elementor-element-cd54fa5 elementor-section-boxed elementor-section-height-default elementor-section-height-default\" data-id=\"cd54fa5\" data-element_type=\"section\">\n\t\t\t\t\t\t<div class=\"elementor-container elementor-column-gap-default\">\n\t\t\t\t\t<div class=\"elementor-column elementor-col-50 elementor-top-column elementor-element elementor-element-21db61a\" data-id=\"21db61a\" data-element_type=\"column\">\n\t\t\t<div class=\"elementor-widget-wrap elementor-element-populated\">\n\t\t\t\t\t\t<div class=\"elementor-element elementor-element-b968635 elementor-widget elementor-widget-image\" data-id=\"b968635\" data-element_type=\"widget\" data-widget_type=\"image.default\">\n\t\t\t\t<div class=\"elementor-widget-container\">\n\t\t\t\t\t\t\t\t\t\t\t\t\t\t\t<img fetchpriority=\"high\" decoding=\"async\" width=\"800\" height=\"357\" src=\"https:\/\/www.ipsantarem.pt\/en\/wp-content\/uploads\/2021\/08\/PolitSantarem-Escola-GestaoTecnologia-1200x535.png\" class=\"attachment-large size-large wp-image-10013\" alt=\"\" srcset=\"https:\/\/www.ipsantarem.pt\/en\/wp-content\/uploads\/2021\/08\/PolitSantarem-Escola-GestaoTecnologia-1200x535.png 1200w, https:\/\/www.ipsantarem.pt\/en\/wp-content\/uploads\/2021\/08\/PolitSantarem-Escola-GestaoTecnologia-700x312.png 700w, https:\/\/www.ipsantarem.pt\/en\/wp-content\/uploads\/2021\/08\/PolitSantarem-Escola-GestaoTecnologia-1536x685.png 1536w, https:\/\/www.ipsantarem.pt\/en\/wp-content\/uploads\/2021\/08\/PolitSantarem-Escola-GestaoTecnologia-2048x913.png 2048w\" sizes=\"(max-width: 800px) 100vw, 800px\" \/>\t\t\t\t\t\t\t\t\t\t\t\t\t\t\t<\/div>\n\t\t\t\t<\/div>\n\t\t\t\t\t<\/div>\n\t\t<\/div>\n\t\t\t\t<div class=\"elementor-column elementor-col-50 elementor-top-column elementor-element elementor-element-9f89414\" data-id=\"9f89414\" data-element_type=\"column\">\n\t\t\t<div class=\"elementor-widget-wrap elementor-element-populated\">\n\t\t\t\t\t\t<div class=\"elementor-element elementor-element-9241e37 elementor-widget elementor-widget-text-editor\" data-id=\"9241e37\" data-element_type=\"widget\" data-widget_type=\"text-editor.default\">\n\t\t\t\t<div class=\"elementor-widget-container\">\n\t\t\t\t\t\t\t\t\t<p>The <strong>Escola Superior de Gest\u00e3o e Tecnologia de Santar\u00e9m<\/strong>, is an organic unit of IPSantar\u00e9m committed to the high-level qualification of students, focused on the production of knowledge, creation, transmission and dissemination of professional values, culture, science, technology, applied research and experimental development, with an international perspective.<\/p><p>More information at: <a href=\"https:\/\/www.ipsantarem.pt\/escola-superior-de-gestao-e-tecnologia-de-santarem\/\">https:\/\/www.ipsantarem.pt\/escola-superior-de-gestao-e-tecnologia-de-santarem\/<\/a><\/p><p><strong>Contacts: <br \/><\/strong>Complexo Andaluz,<br \/>Apartado 295<br \/>2001-904 Santar\u00e9m<\/p><p><a href=\"mailto:correio@esg.ipsantarem.pt\">correio@esg.ipsantarem.pt<\/a><br \/>Phone: +351 243 303 200<\/p>\t\t\t\t\t\t\t\t<\/div>\n\t\t\t\t<\/div>\n\t\t\t\t\t<\/div>\n\t\t<\/div>\n\t\t\t\t\t<\/div>\n\t\t<\/section>\n\t\t\t\t<section class=\"elementor-section elementor-top-section elementor-element elementor-element-075af29 elementor-section-boxed elementor-section-height-default elementor-section-height-default\" data-id=\"075af29\" data-element_type=\"section\">\n\t\t\t\t\t\t<div class=\"elementor-container elementor-column-gap-default\">\n\t\t\t\t\t<div class=\"elementor-column elementor-col-100 elementor-top-column elementor-element elementor-element-a85951a\" data-id=\"a85951a\" data-element_type=\"column\">\n\t\t\t<div class=\"elementor-widget-wrap\">\n\t\t\t\t\t\t\t<\/div>\n\t\t<\/div>\n\t\t\t\t\t<\/div>\n\t\t<\/section>\n\t\t\t\t<section class=\"elementor-section elementor-top-section elementor-element elementor-element-0e1d229 elementor-section-full_width elementor-section-height-default elementor-section-height-default\" data-id=\"0e1d229\" data-element_type=\"section\">\n\t\t\t\t\t\t<div class=\"elementor-container elementor-column-gap-default\">\n\t\t\t\t\t<div class=\"elementor-column elementor-col-100 elementor-top-column elementor-element elementor-element-fa9b523\" data-id=\"fa9b523\" data-element_type=\"column\">\n\t\t\t<div class=\"elementor-widget-wrap elementor-element-populated\">\n\t\t\t\t\t\t<div class=\"elementor-element elementor-element-facfc61 elementor-widget elementor-widget-image\" data-id=\"facfc61\" data-element_type=\"widget\" data-widget_type=\"image.default\">\n\t\t\t\t<div class=\"elementor-widget-container\">\n\t\t\t\t\t\t\t\t\t\t\t\t\t\t\t<img decoding=\"async\" width=\"1920\" height=\"800\" src=\"https:\/\/www.ipsantarem.pt\/en\/wp-content\/uploads\/2021\/10\/ESGTS-1.jpg\" class=\"attachment-full size-full wp-image-12345\" alt=\"\" srcset=\"https:\/\/www.ipsantarem.pt\/en\/wp-content\/uploads\/2021\/10\/ESGTS-1.jpg 1920w, https:\/\/www.ipsantarem.pt\/en\/wp-content\/uploads\/2021\/10\/ESGTS-1-700x292.jpg 700w, https:\/\/www.ipsantarem.pt\/en\/wp-content\/uploads\/2021\/10\/ESGTS-1-1200x500.jpg 1200w, https:\/\/www.ipsantarem.pt\/en\/wp-content\/uploads\/2021\/10\/ESGTS-1-1536x640.jpg 1536w\" sizes=\"(max-width: 1920px) 100vw, 1920px\" \/>\t\t\t\t\t\t\t\t\t\t\t\t\t\t\t<\/div>\n\t\t\t\t<\/div>\n\t\t\t\t\t<\/div>\n\t\t<\/div>\n\t\t\t\t\t<\/div>\n\t\t<\/section>\n\t\t\t\t<\/div>\n\t\t","protected":false},"excerpt":{"rendered":"<p>The Escola Superior de Gest\u00e3o e Tecnologia de Santar\u00e9m, is an organic unit of IPSantar\u00e9m committed to the high-level qualification of students, focused on the production of knowledge, creation, transmission and dissemination of professional values, culture, science, technology, applied research and experimental development, with an international perspective. More information at: https:\/\/www.ipsantarem.pt\/escola-superior-de-gestao-e-tecnologia-de-santarem\/ Contacts: Complexo Andaluz,Apartado 2952001-904 [&hellip;]<\/p>\n","protected":false},"author":14,"featured_media":0,"parent":0,"menu_order":0,"comment_status":"closed","ping_status":"closed","template":"","meta":{"footnotes":""},"class_list":["post-9981","page","type-page","status-publish","hentry"],"_links":{"self":[{"href":"https:\/\/www.ipsantarem.pt\/en\/wp-json\/wp\/v2\/pages\/9981","targetHints":{"allow":["GET"]}}],"collection":[{"href":"https:\/\/www.ipsantarem.pt\/en\/wp-json\/wp\/v2\/pages"}],"about":[{"href":"https:\/\/www.ipsantarem.pt\/en\/wp-json\/wp\/v2\/types\/page"}],"author":[{"embeddable":true,"href":"https:\/\/www.ipsantarem.pt\/en\/wp-json\/wp\/v2\/users\/14"}],"replies":[{"embeddable":true,"href":"https:\/\/www.ipsantarem.pt\/en\/wp-json\/wp\/v2\/comments?post=9981"}],"version-history":[{"count":34,"href":"https:\/\/www.ipsantarem.pt\/en\/wp-json\/wp\/v2\/pages\/9981\/revisions"}],"predecessor-version":[{"id":20934,"href":"https:\/\/www.ipsantarem.pt\/en\/wp-json\/wp\/v2\/pages\/9981\/revisions\/20934"}],"wp:attachment":[{"href":"https:\/\/www.ipsantarem.pt\/en\/wp-json\/wp\/v2\/media?parent=9981"}],"curies":[{"name":"wp","href":"https:\/\/api.w.org\/{rel}","templated":true}]}}