{"id":9982,"date":"2021-08-17T12:57:00","date_gmt":"2021-08-17T12:57:00","guid":{"rendered":"https:\/\/www.ipsantarem.pt\/?page_id=9982"},"modified":"2023-05-09T08:42:35","modified_gmt":"2023-05-09T08:42:35","slug":"escola-superior-de-saude","status":"publish","type":"page","link":"https:\/\/www.ipsantarem.pt\/en\/escola-superior-de-saude\/","title":{"rendered":"Escola Superior de Sa\u00fade"},"content":{"rendered":"\t\t<div data-elementor-type=\"wp-page\" data-elementor-id=\"9982\" class=\"elementor elementor-9982\" data-elementor-post-type=\"page\">\n\t\t\t\t\t\t<section class=\"elementor-section elementor-top-section elementor-element elementor-element-cd54fa5 elementor-section-boxed elementor-section-height-default elementor-section-height-default\" data-id=\"cd54fa5\" data-element_type=\"section\">\n\t\t\t\t\t\t<div class=\"elementor-container elementor-column-gap-default\">\n\t\t\t\t\t<div class=\"elementor-column elementor-col-50 elementor-top-column elementor-element elementor-element-21db61a\" data-id=\"21db61a\" data-element_type=\"column\">\n\t\t\t<div class=\"elementor-widget-wrap elementor-element-populated\">\n\t\t\t\t\t\t<div class=\"elementor-element elementor-element-b968635 elementor-widget elementor-widget-image\" data-id=\"b968635\" data-element_type=\"widget\" data-widget_type=\"image.default\">\n\t\t\t\t<div class=\"elementor-widget-container\">\n\t\t\t\t\t\t\t\t\t\t\t\t\t\t\t<img fetchpriority=\"high\" decoding=\"async\" width=\"800\" height=\"357\" src=\"https:\/\/www.ipsantarem.pt\/en\/wp-content\/uploads\/2021\/08\/PolitSantarem-Escola-Saude-1200x535.png\" class=\"attachment-large size-large wp-image-10025\" alt=\"\" srcset=\"https:\/\/www.ipsantarem.pt\/en\/wp-content\/uploads\/2021\/08\/PolitSantarem-Escola-Saude-1200x535.png 1200w, https:\/\/www.ipsantarem.pt\/en\/wp-content\/uploads\/2021\/08\/PolitSantarem-Escola-Saude-700x312.png 700w, https:\/\/www.ipsantarem.pt\/en\/wp-content\/uploads\/2021\/08\/PolitSantarem-Escola-Saude-1536x685.png 1536w, https:\/\/www.ipsantarem.pt\/en\/wp-content\/uploads\/2021\/08\/PolitSantarem-Escola-Saude-2048x913.png 2048w\" sizes=\"(max-width: 800px) 100vw, 800px\" \/>\t\t\t\t\t\t\t\t\t\t\t\t\t\t\t<\/div>\n\t\t\t\t<\/div>\n\t\t\t\t\t<\/div>\n\t\t<\/div>\n\t\t\t\t<div class=\"elementor-column elementor-col-50 elementor-top-column elementor-element elementor-element-9f89414\" data-id=\"9f89414\" data-element_type=\"column\">\n\t\t\t<div class=\"elementor-widget-wrap elementor-element-populated\">\n\t\t\t\t\t\t<div class=\"elementor-element elementor-element-9241e37 elementor-widget elementor-widget-text-editor\" data-id=\"9241e37\" data-element_type=\"widget\" data-widget_type=\"text-editor.default\">\n\t\t\t\t<div class=\"elementor-widget-container\">\n\t\t\t\t\t\t\t\t\t<p>The <strong>Escola Superior de Sa\u00fade de Santar\u00e9m<\/strong> succeeded the School of Nursing of Santar\u00e9m, by normative order n.\u00ba 56\/2008, of November 4th, which publishes the Statutes of IPSantar\u00e9m.<\/p><p>More information at: <a href=\"https:\/\/www.ipsantarem.pt\/escola-superior-de-saude-de-santarem\/\">https:\/\/www.ipsantarem.pt\/escola-superior-de-saude-de-santarem\/<\/a><\/p><p><strong>Contacts<br \/><\/strong>Quinta do Mergulh\u00e3o<br \/>Sr\u00aa da Guia<br \/>2005-075 Santar\u00e9m<\/p><p><a href=\"mailto:geral@essaude.ipsantarem.pt\">geral@essaude.ipsantarem.pt<\/a><br \/>Phone: +351 243 307 200<br \/>Fax: +351 243 307 210<del datetime=\"2022-04-11T10:03:05+00:00\"><del datetime=\"2022-04-11T09:18:05+00:00\"><\/del><\/del><\/p>\t\t\t\t\t\t\t\t<\/div>\n\t\t\t\t<\/div>\n\t\t\t\t\t<\/div>\n\t\t<\/div>\n\t\t\t\t\t<\/div>\n\t\t<\/section>\n\t\t\t\t<section class=\"elementor-section elementor-top-section elementor-element elementor-element-80959e2 elementor-section-boxed elementor-section-height-default elementor-section-height-default\" data-id=\"80959e2\" data-element_type=\"section\">\n\t\t\t\t\t\t<div class=\"elementor-container elementor-column-gap-default\">\n\t\t\t\t\t<div class=\"elementor-column elementor-col-100 elementor-top-column elementor-element elementor-element-20ea9e2\" data-id=\"20ea9e2\" data-element_type=\"column\">\n\t\t\t<div class=\"elementor-widget-wrap\">\n\t\t\t\t\t\t\t<\/div>\n\t\t<\/div>\n\t\t\t\t\t<\/div>\n\t\t<\/section>\n\t\t\t\t<section class=\"elementor-section elementor-top-section elementor-element elementor-element-7e432ac elementor-section-full_width elementor-section-height-default elementor-section-height-default\" data-id=\"7e432ac\" data-element_type=\"section\">\n\t\t\t\t\t\t<div class=\"elementor-container elementor-column-gap-default\">\n\t\t\t\t\t<div class=\"elementor-column elementor-col-100 elementor-top-column elementor-element elementor-element-9fada5b\" data-id=\"9fada5b\" data-element_type=\"column\">\n\t\t\t<div class=\"elementor-widget-wrap elementor-element-populated\">\n\t\t\t\t\t\t<div class=\"elementor-element elementor-element-c517344 elementor-widget elementor-widget-image\" data-id=\"c517344\" data-element_type=\"widget\" data-widget_type=\"image.default\">\n\t\t\t\t<div class=\"elementor-widget-container\">\n\t\t\t\t\t\t\t\t\t\t\t\t\t\t\t<img decoding=\"async\" width=\"1920\" height=\"800\" src=\"https:\/\/www.ipsantarem.pt\/en\/wp-content\/uploads\/2021\/10\/esss.jpg\" class=\"attachment-full size-full wp-image-12250\" alt=\"\" srcset=\"https:\/\/www.ipsantarem.pt\/en\/wp-content\/uploads\/2021\/10\/esss.jpg 1920w, https:\/\/www.ipsantarem.pt\/en\/wp-content\/uploads\/2021\/10\/esss-700x292.jpg 700w, https:\/\/www.ipsantarem.pt\/en\/wp-content\/uploads\/2021\/10\/esss-1200x500.jpg 1200w, https:\/\/www.ipsantarem.pt\/en\/wp-content\/uploads\/2021\/10\/esss-1536x640.jpg 1536w\" sizes=\"(max-width: 1920px) 100vw, 1920px\" \/>\t\t\t\t\t\t\t\t\t\t\t\t\t\t\t<\/div>\n\t\t\t\t<\/div>\n\t\t\t\t\t<\/div>\n\t\t<\/div>\n\t\t\t\t\t<\/div>\n\t\t<\/section>\n\t\t\t\t<\/div>\n\t\t","protected":false},"excerpt":{"rendered":"<p>The Escola Superior de Sa\u00fade de Santar\u00e9m succeeded the School of Nursing of Santar\u00e9m, by normative order n.\u00ba 56\/2008, of November 4th, which publishes the Statutes of IPSantar\u00e9m. More information at: https:\/\/www.ipsantarem.pt\/escola-superior-de-saude-de-santarem\/ ContactsQuinta do Mergulh\u00e3oSr\u00aa da Guia2005-075 Santar\u00e9m geral@essaude.ipsantarem.ptPhone: +351 243 307 200Fax: +351 243 307 210<\/p>\n","protected":false},"author":14,"featured_media":0,"parent":0,"menu_order":0,"comment_status":"closed","ping_status":"closed","template":"","meta":{"footnotes":""},"class_list":["post-9982","page","type-page","status-publish","hentry"],"_links":{"self":[{"href":"https:\/\/www.ipsantarem.pt\/en\/wp-json\/wp\/v2\/pages\/9982","targetHints":{"allow":["GET"]}}],"collection":[{"href":"https:\/\/www.ipsantarem.pt\/en\/wp-json\/wp\/v2\/pages"}],"about":[{"href":"https:\/\/www.ipsantarem.pt\/en\/wp-json\/wp\/v2\/types\/page"}],"author":[{"embeddable":true,"href":"https:\/\/www.ipsantarem.pt\/en\/wp-json\/wp\/v2\/users\/14"}],"replies":[{"embeddable":true,"href":"https:\/\/www.ipsantarem.pt\/en\/wp-json\/wp\/v2\/comments?post=9982"}],"version-history":[{"count":46,"href":"https:\/\/www.ipsantarem.pt\/en\/wp-json\/wp\/v2\/pages\/9982\/revisions"}],"predecessor-version":[{"id":20940,"href":"https:\/\/www.ipsantarem.pt\/en\/wp-json\/wp\/v2\/pages\/9982\/revisions\/20940"}],"wp:attachment":[{"href":"https:\/\/www.ipsantarem.pt\/en\/wp-json\/wp\/v2\/media?parent=9982"}],"curies":[{"name":"wp","href":"https:\/\/api.w.org\/{rel}","templated":true}]}}